{"id":3902,"date":"2025-09-04T07:53:33","date_gmt":"2025-09-04T07:53:33","guid":{"rendered":"https:\/\/eesystem.no\/?page_id=3902"},"modified":"2025-09-04T09:55:51","modified_gmt":"2025-09-04T09:55:51","slug":"takk-for-bestillingen","status":"publish","type":"page","link":"https:\/\/eesystem.no\/no\/takk-for-bestillingen\/","title":{"rendered":"Takk for bestillingen."},"content":{"rendered":"\t\t<div data-elementor-type=\"wp-page\" data-elementor-id=\"3902\" class=\"elementor elementor-3902\" data-elementor-settings=\"{&quot;ha_cmc_init_switcher&quot;:&quot;no&quot;}\">\n\t\t\t\t<div class=\"elementor-element elementor-element-905b080 e-flex e-con-boxed wpr-particle-no wpr-jarallax-no wpr-parallax-no wpr-sticky-section-no wpr-equal-height-no e-con e-parent\" data-id=\"905b080\" data-element_type=\"container\" data-e-type=\"container\" data-settings=\"{&quot;_ha_eqh_enable&quot;:false}\">\n\t\t\t\t\t<div class=\"e-con-inner\">\n\t\t\t\t<div class=\"elementor-element elementor-element-c7cd412 elementor-widget elementor-widget-text-editor\" data-id=\"c7cd412\" data-element_type=\"widget\" data-e-type=\"widget\" data-widget_type=\"text-editor.default\">\n\t\t\t\t<div class=\"elementor-widget-container\">\n\t\t\t\t\t\t\t\t\t<div class=\"bpa-front-tmc__head\"><div class=\"bpa-front-tmc__title\" aria-label=\"Your Appointment Booked successfully!\">Bookingen var vellykket!<\/div><div class=\"bpa-front-tmc__title\" aria-label=\"Your Appointment Booked successfully!\">\u00a0<\/div><div class=\"bpa-front-tmc__title\" aria-label=\"Your Appointment Booked successfully!\">Takk for din bestilling. Vi gleder oss til \u00e5 ta deg imot, og h\u00e5per du selv s\u00f8rger for \u00e5 v\u00e6re forberedt s\u00e5 du f\u00e5r mest mulig ut av tiden i senteret.<\/div><div aria-label=\"Your Appointment Booked successfully!\"><p data-pm-slice=\"1 1 []\">Les deg gjerne opp p\u00e5 forberedelser om hvordan du b\u00f8r forholde deg f\u00f8r og etter timen p\u00e5 <a href=\"https:\/\/eesystem.no\/forberedelser\/\">hjemmesiden.<\/a> F\u00f8rst og fremst, drikk nok vann f\u00f8r og etter. Husk \u00e5 skru av mobilen f\u00f8r du g\u00e5r inn. Velkommen!<\/p><\/div><\/div><div class=\"bpa-front-tmc__head\"><p aria-label=\"We have sent your booking information to your email address.\">Vi sender bookinginformasjon og kvitteringen din p\u00e5 epost til deg.<\/p><\/div>\t\t\t\t\t\t\t\t<\/div>\n\t\t\t\t<\/div>\n\t\t\t\t\t<\/div>\n\t\t\t\t<\/div>\n\t\t\t\t<\/div>\n\t\t","protected":false},"excerpt":{"rendered":"<p>Bookingen var vellykket!\u00a0Takk for din bestilling. Vi gleder oss til \u00e5 ta deg imot, og h\u00e5per du selv s\u00f8rger for \u00e5 v\u00e6re forberedt s\u00e5 du f\u00e5r mest mulig ut av tiden i senteret. Les deg gjerne opp p\u00e5 forberedelser om hvordan du b\u00f8r forholde deg f\u00f8r og etter timen p\u00e5 hjemmesiden. F\u00f8rst og fremst, drikk nok vann f\u00f8r og etter. Husk \u00e5 skru av mobilen f\u00f8r du g\u00e5r inn. Velkommen! Vi sender bookinginformasjon og kvitteringen din p\u00e5 epost til deg.<\/p>\n","protected":false},"author":1,"featured_media":0,"parent":0,"menu_order":0,"comment_status":"closed","ping_status":"closed","template":"","meta":{"_surecart_dashboard_logo_width":"180px","_surecart_dashboard_show_logo":true,"_surecart_dashboard_navigation_orders":true,"_surecart_dashboard_navigation_invoices":true,"_surecart_dashboard_navigation_subscriptions":true,"_surecart_dashboard_navigation_downloads":true,"_surecart_dashboard_navigation_billing":true,"_surecart_dashboard_navigation_account":true,"_uag_custom_page_level_css":"","site-sidebar-layout":"no-sidebar","site-content-layout":"","ast-site-content-layout":"full-width-container","site-content-style":"default","site-sidebar-style":"default","ast-global-header-display":"","ast-banner-title-visibility":"","ast-main-header-display":"","ast-hfb-above-header-display":"","ast-hfb-below-header-display":"","ast-hfb-mobile-header-display":"","site-post-title":"disabled","ast-breadcrumbs-content":"","ast-featured-img":"disabled","footer-sml-layout":"","ast-disable-related-posts":"","theme-transparent-header-meta":"","adv-header-id-meta":"","stick-header-meta":"","header-above-stick-meta":"","header-main-stick-meta":"","header-below-stick-meta":"","astra-migrate-meta-layouts":"default","ast-page-background-enabled":"default","ast-page-background-meta":{"desktop":{"background-color":"var(--ast-global-color-4)","background-image":"","background-repeat":"repeat","background-position":"center center","background-size":"auto","background-attachment":"scroll","background-type":"","background-media":"","overlay-type":"","overlay-color":"","overlay-opacity":"","overlay-gradient":""},"tablet":{"background-color":"","background-image":"","background-repeat":"repeat","background-position":"center center","background-size":"auto","background-attachment":"scroll","background-type":"","background-media":"","overlay-type":"","overlay-color":"","overlay-opacity":"","overlay-gradient":""},"mobile":{"background-color":"","background-image":"","background-repeat":"repeat","background-position":"center center","background-size":"auto","background-attachment":"scroll","background-type":"","background-media":"","overlay-type":"","overlay-color":"","overlay-opacity":"","overlay-gradient":""}},"ast-content-background-meta":{"desktop":{"background-color":"var(--ast-global-color-5)","background-image":"","background-repeat":"repeat","background-position":"center center","background-size":"auto","background-attachment":"scroll","background-type":"","background-media":"","overlay-type":"","overlay-color":"","overlay-opacity":"","overlay-gradient":""},"tablet":{"background-color":"var(--ast-global-color-5)","background-image":"","background-repeat":"repeat","background-position":"center center","background-size":"auto","background-attachment":"scroll","background-type":"","background-media":"","overlay-type":"","overlay-color":"","overlay-opacity":"","overlay-gradient":""},"mobile":{"background-color":"var(--ast-global-color-5)","background-image":"","background-repeat":"repeat","background-position":"center center","background-size":"auto","background-attachment":"scroll","background-type":"","background-media":"","overlay-type":"","overlay-color":"","overlay-opacity":"","overlay-gradient":""}},"footnotes":""},"class_list":["post-3902","page","type-page","status-publish","hentry"],"translation":{"provider":"WPGlobus","version":"3.0.2","language":"no","enabled_languages":["en","no"],"languages":{"en":{"title":true,"content":true,"excerpt":false},"no":{"title":false,"content":false,"excerpt":false}}},"yoast_head":"<!-- This site is optimized with the Yoast SEO plugin v27.4 - https:\/\/yoast.com\/product\/yoast-seo-wordpress\/ -->\n<title>Takk for bestillingen. - QUANTUM VITALITY SENTER<\/title>\n<meta name=\"robots\" content=\"index, follow, max-snippet:-1, max-image-preview:large, max-video-preview:-1\" \/>\n<link rel=\"canonical\" href=\"https:\/\/eesystem.no\/takk-for-bestillingen\/\" \/>\n<meta property=\"og:locale\" content=\"nb_NO\" \/>\n<meta property=\"og:type\" content=\"article\" \/>\n<meta property=\"og:title\" content=\"Takk for bestillingen. - QUANTUM VITALITY SENTER\" \/>\n<meta property=\"og:url\" content=\"https:\/\/eesystem.no\/takk-for-bestillingen\/\" \/>\n<meta property=\"og:site_name\" content=\"QUANTUM VITALITY SENTER\" \/>\n<meta property=\"article:modified_time\" content=\"2025-09-04T09:55:51+00:00\" \/>\n<meta name=\"twitter:card\" content=\"summary_large_image\" \/>\n<meta name=\"twitter:label1\" content=\"Ansl. lesetid\" \/>\n\t<meta name=\"twitter:data1\" content=\"1 minutt\" \/>\n<script type=\"application\/ld+json\" class=\"yoast-schema-graph\">{\"@context\":\"https:\\\/\\\/schema.org\",\"@graph\":[{\"@type\":\"WebPage\",\"@id\":\"https:\\\/\\\/eesystem.no\\\/takk-for-bestillingen\\\/\",\"url\":\"https:\\\/\\\/eesystem.no\\\/takk-for-bestillingen\\\/\",\"name\":\"Takk for bestillingen. - QUANTUM VITALITY SENTER\",\"isPartOf\":{\"@id\":\"https:\\\/\\\/eesystem.no\\\/#website\"},\"datePublished\":\"2025-09-04T07:53:33+00:00\",\"dateModified\":\"2025-09-04T09:55:51+00:00\",\"breadcrumb\":{\"@id\":\"https:\\\/\\\/eesystem.no\\\/takk-for-bestillingen\\\/#breadcrumb\"},\"inLanguage\":\"nb-NO\",\"potentialAction\":[{\"@type\":\"ReadAction\",\"target\":[\"https:\\\/\\\/eesystem.no\\\/takk-for-bestillingen\\\/\"]}]},{\"@type\":\"BreadcrumbList\",\"@id\":\"https:\\\/\\\/eesystem.no\\\/takk-for-bestillingen\\\/#breadcrumb\",\"itemListElement\":[{\"@type\":\"ListItem\",\"position\":1,\"name\":\"Hjem\",\"item\":\"https:\\\/\\\/eesystem.no\\\/\"},{\"@type\":\"ListItem\",\"position\":2,\"name\":\"Takk for bestillingen.\"}]},{\"@type\":\"WebSite\",\"@id\":\"https:\\\/\\\/eesystem.no\\\/#website\",\"url\":\"https:\\\/\\\/eesystem.no\\\/\",\"name\":\"QUANTUM VITALITY SENTER\",\"description\":\"Velv\u00e6resenter\",\"publisher\":{\"@id\":\"https:\\\/\\\/eesystem.no\\\/#organization\"},\"potentialAction\":[{\"@type\":\"SearchAction\",\"target\":{\"@type\":\"EntryPoint\",\"urlTemplate\":\"https:\\\/\\\/eesystem.no\\\/?s={search_term_string}\"},\"query-input\":{\"@type\":\"PropertyValueSpecification\",\"valueRequired\":true,\"valueName\":\"search_term_string\"}}],\"inLanguage\":\"nb-NO\"},{\"@type\":\"Organization\",\"@id\":\"https:\\\/\\\/eesystem.no\\\/#organization\",\"name\":\"QUANTUM VITALITY SENTER\",\"url\":\"https:\\\/\\\/eesystem.no\\\/\",\"logo\":{\"@type\":\"ImageObject\",\"inLanguage\":\"nb-NO\",\"@id\":\"https:\\\/\\\/eesystem.no\\\/#\\\/schema\\\/logo\\\/image\\\/\",\"url\":\"https:\\\/\\\/eesystem.no\\\/wp-content\\\/uploads\\\/2025\\\/06\\\/mamma-logo-1.png\",\"contentUrl\":\"https:\\\/\\\/eesystem.no\\\/wp-content\\\/uploads\\\/2025\\\/06\\\/mamma-logo-1.png\",\"width\":950,\"height\":950,\"caption\":\"QUANTUM VITALITY SENTER\"},\"image\":{\"@id\":\"https:\\\/\\\/eesystem.no\\\/#\\\/schema\\\/logo\\\/image\\\/\"}}]}<\/script>\n<!-- \/ Yoast SEO plugin. -->","yoast_head_json":{"title":"Takk for bestillingen. - QUANTUM VITALITY SENTER","robots":{"index":"index","follow":"follow","max-snippet":"max-snippet:-1","max-image-preview":"max-image-preview:large","max-video-preview":"max-video-preview:-1"},"canonical":"https:\/\/eesystem.no\/takk-for-bestillingen\/","og_locale":"nb_NO","og_type":"article","og_title":"Takk for bestillingen. - QUANTUM VITALITY SENTER","og_url":"https:\/\/eesystem.no\/takk-for-bestillingen\/","og_site_name":"QUANTUM VITALITY SENTER","article_modified_time":"2025-09-04T09:55:51+00:00","twitter_card":"summary_large_image","twitter_misc":{"Ansl. lesetid":"1 minutt"},"schema":{"@context":"https:\/\/schema.org","@graph":[{"@type":"WebPage","@id":"https:\/\/eesystem.no\/takk-for-bestillingen\/","url":"https:\/\/eesystem.no\/takk-for-bestillingen\/","name":"Takk for bestillingen. - QUANTUM VITALITY SENTER","isPartOf":{"@id":"https:\/\/eesystem.no\/#website"},"datePublished":"2025-09-04T07:53:33+00:00","dateModified":"2025-09-04T09:55:51+00:00","breadcrumb":{"@id":"https:\/\/eesystem.no\/takk-for-bestillingen\/#breadcrumb"},"inLanguage":"nb-NO","potentialAction":[{"@type":"ReadAction","target":["https:\/\/eesystem.no\/takk-for-bestillingen\/"]}]},{"@type":"BreadcrumbList","@id":"https:\/\/eesystem.no\/takk-for-bestillingen\/#breadcrumb","itemListElement":[{"@type":"ListItem","position":1,"name":"Hjem","item":"https:\/\/eesystem.no\/"},{"@type":"ListItem","position":2,"name":"Takk for bestillingen."}]},{"@type":"WebSite","@id":"https:\/\/eesystem.no\/#website","url":"https:\/\/eesystem.no\/","name":"QUANTUM VITALITY SENTER","description":"Velv\u00e6resenter","publisher":{"@id":"https:\/\/eesystem.no\/#organization"},"potentialAction":[{"@type":"SearchAction","target":{"@type":"EntryPoint","urlTemplate":"https:\/\/eesystem.no\/?s={search_term_string}"},"query-input":{"@type":"PropertyValueSpecification","valueRequired":true,"valueName":"search_term_string"}}],"inLanguage":"nb-NO"},{"@type":"Organization","@id":"https:\/\/eesystem.no\/#organization","name":"QUANTUM VITALITY SENTER","url":"https:\/\/eesystem.no\/","logo":{"@type":"ImageObject","inLanguage":"nb-NO","@id":"https:\/\/eesystem.no\/#\/schema\/logo\/image\/","url":"https:\/\/eesystem.no\/wp-content\/uploads\/2025\/06\/mamma-logo-1.png","contentUrl":"https:\/\/eesystem.no\/wp-content\/uploads\/2025\/06\/mamma-logo-1.png","width":950,"height":950,"caption":"QUANTUM VITALITY SENTER"},"image":{"@id":"https:\/\/eesystem.no\/#\/schema\/logo\/image\/"}}]}},"uagb_featured_image_src":{"full":false,"thumbnail":false,"medium":false,"medium_large":false,"large":false,"1536x1536":false,"2048x2048":false,"woocommerce_thumbnail":false,"woocommerce_single":false,"woocommerce_gallery_thumbnail":false},"uagb_author_info":{"display_name":"","author_link":"https:\/\/eesystem.no\/no\/author\/eesystem-no\/"},"uagb_comment_info":0,"uagb_excerpt":"Bookingen var vellykket!\u00a0Takk for din bestilling. Vi gleder oss til \u00e5 ta deg imot, og h\u00e5per du selv s\u00f8rger for \u00e5 v\u00e6re forberedt s\u00e5 du f\u00e5r mest mulig ut av tiden i senteret. Les deg gjerne opp p\u00e5 forberedelser om hvordan du b\u00f8r forholde deg f\u00f8r og etter timen p\u00e5 hjemmesiden. F\u00f8rst og fremst, drikk&hellip;","_links":{"self":[{"href":"https:\/\/eesystem.no\/no\/wp-json\/wp\/v2\/pages\/3902","targetHints":{"allow":["GET"]}}],"collection":[{"href":"https:\/\/eesystem.no\/no\/wp-json\/wp\/v2\/pages"}],"about":[{"href":"https:\/\/eesystem.no\/no\/wp-json\/wp\/v2\/types\/page"}],"author":[{"embeddable":true,"href":"https:\/\/eesystem.no\/no\/wp-json\/wp\/v2\/users\/1"}],"replies":[{"embeddable":true,"href":"https:\/\/eesystem.no\/no\/wp-json\/wp\/v2\/comments?post=3902"}],"version-history":[{"count":20,"href":"https:\/\/eesystem.no\/no\/wp-json\/wp\/v2\/pages\/3902\/revisions"}],"predecessor-version":[{"id":3944,"href":"https:\/\/eesystem.no\/no\/wp-json\/wp\/v2\/pages\/3902\/revisions\/3944"}],"wp:attachment":[{"href":"https:\/\/eesystem.no\/no\/wp-json\/wp\/v2\/media?parent=3902"}],"curies":[{"name":"wp","href":"https:\/\/api.w.org\/{rel}","templated":true}]}}